{"id":2384,"date":"2025-02-11T08:16:15","date_gmt":"2025-02-11T08:16:15","guid":{"rendered":"https:\/\/oklp.de\/?page_id=2384"},"modified":"2025-06-12T09:18:40","modified_gmt":"2025-06-12T09:18:40","slug":"sophia-aschern","status":"publish","type":"page","link":"https:\/\/oklp.de\/en\/sophia-aschern\/","title":{"rendered":"Sophia Aschern"},"content":{"rendered":"<div id=\"fws_69ef87b9306fc\" data-column-margin=\"default\" data-midnight=\"dark\" class=\"wpb_row vc_row-fluid vc_row has-row-bg-color\" style=\"padding-top: 80px; padding-bottom: 15px; --row-bg-color: #000000;\"><div class=\"row-bg-wrap\" data-bg-animation=\"none\" data-bg-animation-delay data-bg-overlay=\"false\"><div class=\"inner-wrap row-bg-layer\"><div class=\"row-bg viewport-desktop using-bg-color\" style=\"background-color: #000000; \"><\/div><\/div><\/div><div class=\"row_col_wrap_12 col span_12 dark left\">\n\t<div class=\"vc_col-sm-1\/5 wpb_column column_container vc_column_container col no-extra-padding inherit_tablet inherit_phone\" data-padding-pos=\"all\" data-has-bg-color=\"false\" data-bg-color data-bg-opacity=\"1\" data-animation data-delay=\"0\">\n\t\t<div class=\"vc_column-inner\">\n\t\t\t<div class=\"wpb_wrapper\">\n\t\t\t\t\n\t\t\t<\/div> \n\t\t<\/div>\n\t<\/div> \n\n\t<div style=\" color: #ffffff;\" class=\"vc_col-sm-3\/5 wpb_column column_container vc_column_container col no-extra-padding inherit_tablet inherit_phone\" data-cfc=\"true\" data-padding-pos=\"all\" data-has-bg-color=\"false\" data-bg-color data-bg-opacity=\"1\" data-animation data-delay=\"0\">\n\t\t<div class=\"vc_column-inner\">\n\t\t\t<div class=\"wpb_wrapper\">\n\t\t\t\t\n<div class=\"wpb_text_column wpb_content_element\">\n\t<p>Sophia Aschern ber\u00e4t und ver\u00adtritt Kom\u00admu\u00adnen sowie pri\u00adva\u00adte und \u00f6ffent\u00adli\u00adche Unter\u00adneh\u00admen bei Beschaf\u00adfungs\u00advor\u00adha\u00adben zu allen Fra\u00adgen des Ver\u00adga\u00adbe- und des Ver\u00adtrags\u00adrechts zu Bau\u2011, Dienst- und Lie\u00adfer\u00adleis\u00adtun\u00adgen.<span class=\"Apple-converted-space\">&nbsp;<\/span><\/p>\n<p>Sie beglei\u00adtet Kom\u00admu\u00adnen bei der Kon\u00adzep\u00adti\u00adon sowie Durch\u00adf\u00fch\u00adrung und Unter\u00adneh\u00admen bei der Teil\u00adnah\u00adme an Ver\u00adga\u00adbe\u00adver\u00adfah\u00adren und unter\u00adst\u00fctzt erfor\u00adder\u00adli\u00adchen\u00adfalls auch bei der gericht\u00adli\u00adchen Wahr\u00adneh\u00admun\u00adgen ihrer Rech\u00adte, etwa in Nach\u00adpr\u00fc\u00adfungs\u00adver\u00adfah\u00adren vor den Ver\u00adga\u00adbe\u00adkam\u00admern und Ober\u00adlan\u00addes\u00adge\u00adrich\u00adten. Zudem ber\u00e4t sie im Zuwen\u00addungs\u00adrecht zur rechts\u00adsi\u00adche\u00adren Durch\u00adf\u00fch\u00adrung gef\u00f6r\u00adder\u00adter Vor\u00adha\u00adben und ver\u00adtei\u00addigt Zuwen\u00addungs\u00ademp\u00adf\u00e4n\u00adger gegen dro\u00adhen\u00adde Zuwendungsr\u00fcckforderungen.<\/p>\n<\/div>\n\n\n\n\n\t\t\t<\/div> \n\t\t<\/div>\n\t<\/div> \n\n\t<div class=\"vc_col-sm-1\/5 wpb_column column_container vc_column_container col no-extra-padding inherit_tablet inherit_phone\" data-padding-pos=\"all\" data-has-bg-color=\"false\" data-bg-color data-bg-opacity=\"1\" data-animation data-delay=\"0\">\n\t\t<div class=\"vc_column-inner\">\n\t\t\t<div class=\"wpb_wrapper\">\n\t\t\t\t\n\t\t\t<\/div> \n\t\t<\/div>\n\t<\/div> \n<\/div><\/div>\n\t\t<div id=\"fws_69ef87b9309f9\" data-column-margin=\"default\" data-midnight=\"light\" class=\"wpb_row vc_row-fluid vc_row has-row-bg-color\" style=\"padding-top: 40px; padding-bottom: 30px; --row-bg-color: #000000;\"><div class=\"row-bg-wrap\" data-bg-animation=\"none\" data-bg-animation-delay data-bg-overlay=\"false\"><div class=\"inner-wrap row-bg-layer\"><div class=\"row-bg viewport-desktop using-bg-color\" style=\"background-color: #000000; \"><\/div><\/div><\/div><div class=\"row_col_wrap_12 col span_12 light left\">\n\t<div class=\"vc_col-sm-1\/5 wpb_column column_container vc_column_container col no-extra-padding inherit_tablet inherit_phone\" data-padding-pos=\"all\" data-has-bg-color=\"false\" data-bg-color data-bg-opacity=\"1\" data-animation data-delay=\"0\">\n\t\t<div class=\"vc_column-inner\">\n\t\t\t<div class=\"wpb_wrapper\">\n\t\t\t\t\n\t\t\t<\/div> \n\t\t<\/div>\n\t<\/div> \n\n\t<div style=\" color: #ffffff;\" class=\"vc_col-sm-3\/5 wpb_column column_container vc_column_container col no-extra-padding inherit_tablet inherit_phone\" data-cfc=\"true\" data-padding-pos=\"all\" data-has-bg-color=\"false\" data-bg-color data-bg-opacity=\"1\" data-animation data-delay=\"0\">\n\t\t<div class=\"vc_column-inner\">\n\t\t\t<div class=\"wpb_wrapper\">\n\t\t\t\t<div class=\"toggles\" data-br data-starting=\"default\" data-style=\"minimal_small\"><div class=\"toggle accent-color\" data-inner-wrap=\"true\"><h3 class=\"toggle-title\"><a href=\"#\" role=\"button\" class=\"toggle-heading\"><i role=\"presentation\" class=\"fa fa-plus\"><\/i>Cur\u00adri\u00adcu\u00adlum&nbsp;vitae<\/a><\/h3><div><div class=\"inner-toggle-wrap\">\n<div class=\"wpb_text_column wpb_content_element\">\n\t<p>Stu\u00addi\u00adum der Rechts\u00adwis\u00adsen\u00adschaf\u00adten in W\u00fcrz\u00adburg und Budapest<\/p>\n<p>Rechts\u00adre\u00adfe\u00adren\u00adda\u00adri\u00adat am Ober\u00adlan\u00addes\u00adge\u00adricht Bamberg<\/p>\n<p>Zulas\u00adsung als Rechts\u00adan\u00adw\u00e4l\u00adtin im Febru\u00adar&nbsp;2025<\/p>\n<p>Ein\u00adtritt in die Sozie\u00adt\u00e4t okl &amp;&nbsp;part\u00adner, B\u00fcro K\u00f6ln, 2025<span class=\"Apple-converted-space\">&nbsp;<\/span><\/p>\n<\/div>\n\n\n\n<\/div><\/div><\/div><\/div>\n\t\t\t<\/div> \n\t\t<\/div>\n\t<\/div> \n\n\t<div class=\"vc_col-sm-1\/5 wpb_column column_container vc_column_container col no-extra-padding inherit_tablet inherit_phone\" data-padding-pos=\"all\" data-has-bg-color=\"false\" data-bg-color data-bg-opacity=\"1\" data-animation data-delay=\"0\">\n\t\t<div class=\"vc_column-inner\">\n\t\t\t<div class=\"wpb_wrapper\">\n\t\t\t\t\n\t\t\t<\/div> \n\t\t<\/div>\n\t<\/div> \n<\/div><\/div>\n\t\t<div id=\"fws_69ef87b930df0\" data-column-margin=\"default\" data-midnight=\"light\" class=\"wpb_row vc_row-fluid vc_row has-row-bg-color\" style=\"padding-top: 0px; padding-bottom: 40px; --row-bg-color: #000000;\"><div class=\"row-bg-wrap\" data-bg-animation=\"none\" data-bg-animation-delay data-bg-overlay=\"false\"><div class=\"inner-wrap row-bg-layer\"><div class=\"row-bg viewport-desktop using-bg-color\" style=\"background-color: #000000; \"><\/div><\/div><\/div><div class=\"row_col_wrap_12 col span_12 light left\">\n\t<div class=\"vc_col-sm-1\/5 wpb_column column_container vc_column_container col no-extra-padding inherit_tablet inherit_phone\" data-padding-pos=\"all\" data-has-bg-color=\"false\" data-bg-color data-bg-opacity=\"1\" data-animation data-delay=\"0\">\n\t\t<div class=\"vc_column-inner\">\n\t\t\t<div class=\"wpb_wrapper\">\n\t\t\t\t\n\t\t\t<\/div> \n\t\t<\/div>\n\t<\/div> \n\n\t<div class=\"vc_col-sm-4\/5 wpb_column column_container vc_column_container col no-extra-padding inherit_tablet inherit_phone\" data-padding-pos=\"all\" data-has-bg-color=\"false\" data-bg-color data-bg-opacity=\"1\" data-animation data-delay=\"0\">\n\t\t<div class=\"vc_column-inner\">\n\t\t\t<div class=\"wpb_wrapper\">\n\t\t\t\t<div id=\"fws_69ef87b930f4e\" data-midnight data-column-margin=\"default\" class=\"wpb_row vc_row-fluid vc_row inner_row\" style><div class=\"row-bg-wrap\"> <div class=\"row-bg\"><\/div> <\/div><div class=\"row_col_wrap_12_inner col span_12  left\">\n\t<div class=\"vc_col-sm-4 wpb_column column_container vc_column_container col child_column no-extra-padding inherit_tablet inherit_phone\" data-padding-pos=\"all\" data-has-bg-color=\"false\" data-bg-color data-bg-opacity=\"1\" data-animation data-delay=\"0\">\n\t\t<div class=\"vc_column-inner\">\n\t\t<div class=\"wpb_wrapper\">\n\t\t\t<div class=\"img-with-aniamtion-wrap  custom-size\" data-max-width=\"100%\" data-max-width-mobile=\"default\" data-border-radius=\"10px\" data-shadow=\"none\" data-animation=\"fade-in\">\n      <div class=\"inner\">\n        <div class=\"hover-wrap\" data-hover-animation=\"zoom\"> \n          <div class=\"hover-wrap-inner\">\n            <img loading=\"lazy\" decoding=\"async\" class=\"img-with-animation skip-lazy\" data-delay=\"0\" height=\"1024\" width=\"1024\" data-animation=\"fade-in\" src=\"https:\/\/oklp.de\/wp-content\/uploads\/2025\/06\/sophia-aschern-02-1024x1024.jpg\" alt srcset=\"https:\/\/oklp.de\/wp-content\/uploads\/2025\/06\/sophia-aschern-02-1024x1024.jpg 1024w, https:\/\/oklp.de\/wp-content\/uploads\/2025\/06\/sophia-aschern-02-300x300.jpg 300w, https:\/\/oklp.de\/wp-content\/uploads\/2025\/06\/sophia-aschern-02-150x150.jpg 150w, https:\/\/oklp.de\/wp-content\/uploads\/2025\/06\/sophia-aschern-02-768x768.jpg 768w, https:\/\/oklp.de\/wp-content\/uploads\/2025\/06\/sophia-aschern-02-1536x1536.jpg 1536w, https:\/\/oklp.de\/wp-content\/uploads\/2025\/06\/sophia-aschern-02-12x12.jpg 12w, https:\/\/oklp.de\/wp-content\/uploads\/2025\/06\/sophia-aschern-02-140x140.jpg 140w, https:\/\/oklp.de\/wp-content\/uploads\/2025\/06\/sophia-aschern-02-100x100.jpg 100w, https:\/\/oklp.de\/wp-content\/uploads\/2025\/06\/sophia-aschern-02-500x500.jpg 500w, https:\/\/oklp.de\/wp-content\/uploads\/2025\/06\/sophia-aschern-02-350x350.jpg 350w, https:\/\/oklp.de\/wp-content\/uploads\/2025\/06\/sophia-aschern-02-1000x1000.jpg 1000w, https:\/\/oklp.de\/wp-content\/uploads\/2025\/06\/sophia-aschern-02-800x800.jpg 800w, https:\/\/oklp.de\/wp-content\/uploads\/2025\/06\/sophia-aschern-02.jpg 1600w\" sizes=\"auto, (max-width: 1024px) 100vw, 1024px\">\n          <\/div>\n        <\/div>\n        \n      <\/div>\n    <\/div>\n\t\t<\/div> \n\t<\/div>\n\t<\/div> \n\n\t<div class=\"vc_col-sm-8 wpb_column column_container vc_column_container col child_column no-extra-padding inherit_tablet inherit_phone\" data-padding-pos=\"all\" data-has-bg-color=\"false\" data-bg-color data-bg-opacity=\"1\" data-animation data-delay=\"0\">\n\t\t<div class=\"vc_column-inner\">\n\t\t<div class=\"wpb_wrapper\">\n\t\t\t\n<div class=\"wpb_text_column wpb_content_element\">\n\t<h3>Lawy\u00ader<br>\nSophia Aschern<\/h3>\n<\/div>\n\n\n\n<div class=\"divider-wrap\" data-alignment=\"default\"><div style=\"margin-top: 12.5px; width: 20%; height: 1px; margin-bottom: 12.5px;\" data-width=\"20%\" data-animate=\"yes\" data-animation-delay data-color=\"accent-color\" class=\"divider-small-border\"><\/div><\/div>\n<div class=\"wpb_text_column wpb_content_element\">\n\t<p>sophia.aschern@oklp.de<br>\n+49 221 4207 \u2013&nbsp;121<\/p>\n<\/div>\n\n\n\n<div class=\"nectar_icon_wrap\" data-style=\"default\" data-padding=\"0px\" data-color=\"accent-color\" style>\n\t\t<div class=\"nectar_icon\"><a href=\"https:\/\/www.linkedin.com\/in\/sophia-aschern-498680243\/\" target=\"_blank\"><\/a><i style=\"font-size: 50px; line-height: 50px; height: 50px; width: 50px;\" class=\"fa fa-linkedin-square\"><\/i><\/div>\n\t<\/div>\n\t\t<\/div> \n\t<\/div>\n\t<\/div> \n<\/div><\/div>\n\t\t\t<\/div> \n\t\t<\/div>\n\t<\/div> \n<\/div><\/div>","protected":false},"excerpt":{"rendered":"Sophia Aschern ber\u00e4t und ver\u00adtritt Kom\u00admu\u00adnen sowie pri\u00adva\u00adte und \u00f6ffent\u00adli\u00adche Unter\u00adneh\u00admen bei Beschaf\u00adfungs\u00advor\u00adha\u00adben zu allen Fra\u00adgen des Ver\u00adga\u00adbe- und des Ver\u00adtrags\u00adrechts zu Bau\u2011, Dienst- und Lie\u00adfer\u00adleis\u00adtun\u00adgen.&nbsp; Sie beglei\u00adtet Kom\u00admu\u00adnen&nbsp;bei\u2026","protected":false},"author":1,"featured_media":0,"parent":0,"menu_order":5,"comment_status":"closed","ping_status":"closed","template":"","meta":{"wp_typography_post_enhancements_disabled":false,"footnotes":""},"class_list":["post-2384","page","type-page","status-publish"],"yoast_head":"<!-- This site is optimized with the Yoast SEO plugin v27.4 - https:\/\/yoast.com\/product\/yoast-seo-wordpress\/ -->\n<title>Sophia Aschern - okl &amp; partner Rechtsanw\u00e4lte PartG mbB<\/title>\n<meta name=\"description\" content=\"Sophia Aschern ber\u00e4t und vertritt Kommunen sowie private und \u00f6ffentliche Unternehmen bei Beschaffungsvorhaben zu allen Fragen des Vergabe- und des Vertragsrechts zu Bau-, Dienst- und Lieferleistungen.\" \/>\n<meta name=\"robots\" content=\"index, follow, max-snippet:-1, max-image-preview:large, max-video-preview:-1\" \/>\n<link rel=\"canonical\" href=\"https:\/\/oklp.de\/en\/sophia-aschern\/\" \/>\n<meta property=\"og:locale\" content=\"en_US\" \/>\n<meta property=\"og:type\" content=\"article\" \/>\n<meta property=\"og:title\" content=\"Sophia Aschern - okl &amp; partner Rechtsanw\u00e4lte PartG mbB\" \/>\n<meta property=\"og:description\" content=\"Sophia Aschern ber\u00e4t und vertritt Kommunen sowie private und \u00f6ffentliche Unternehmen bei Beschaffungsvorhaben zu allen Fragen des Vergabe- und des Vertragsrechts zu Bau-, Dienst- und Lieferleistungen.\" \/>\n<meta property=\"og:url\" content=\"https:\/\/oklp.de\/en\/sophia-aschern\/\" \/>\n<meta property=\"og:site_name\" content=\"okl &amp; partner Rechtsanw\u00e4lte PartG mbB\" \/>\n<meta property=\"article:modified_time\" content=\"2025-06-12T09:18:40+00:00\" \/>\n<meta name=\"twitter:card\" content=\"summary_large_image\" \/>\n<meta name=\"twitter:label1\" content=\"Est. reading time\" \/>\n\t<meta name=\"twitter:data1\" content=\"2 minutes\" \/>\n<script type=\"application\/ld+json\" class=\"yoast-schema-graph\">{\"@context\":\"https:\\\/\\\/schema.org\",\"@graph\":[{\"@type\":\"WebPage\",\"@id\":\"https:\\\/\\\/oklp.de\\\/sophia-aschern\\\/\",\"url\":\"https:\\\/\\\/oklp.de\\\/sophia-aschern\\\/\",\"name\":\"Sophia Aschern - okl &amp; partner Rechtsanw\u00e4lte PartG mbB\",\"isPartOf\":{\"@id\":\"https:\\\/\\\/oklp.de\\\/#website\"},\"datePublished\":\"2025-02-11T08:16:15+00:00\",\"dateModified\":\"2025-06-12T09:18:40+00:00\",\"description\":\"Sophia Aschern ber\u00e4t und vertritt Kommunen sowie private und \u00f6ffentliche Unternehmen bei Beschaffungsvorhaben zu allen Fragen des Vergabe- und des Vertragsrechts zu Bau-, Dienst- und Lieferleistungen.\",\"breadcrumb\":{\"@id\":\"https:\\\/\\\/oklp.de\\\/sophia-aschern\\\/#breadcrumb\"},\"inLanguage\":\"en-US\",\"potentialAction\":[{\"@type\":\"ReadAction\",\"target\":[\"https:\\\/\\\/oklp.de\\\/sophia-aschern\\\/\"]}]},{\"@type\":\"BreadcrumbList\",\"@id\":\"https:\\\/\\\/oklp.de\\\/sophia-aschern\\\/#breadcrumb\",\"itemListElement\":[{\"@type\":\"ListItem\",\"position\":1,\"name\":\"Home\",\"item\":\"https:\\\/\\\/oklp.de\\\/\"},{\"@type\":\"ListItem\",\"position\":2,\"name\":\"Sophia Aschern\"}]},{\"@type\":\"WebSite\",\"@id\":\"https:\\\/\\\/oklp.de\\\/#website\",\"url\":\"https:\\\/\\\/oklp.de\\\/\",\"name\":\"okl &amp; partner Rechtsanw\u00e4lte PartG mbB\",\"description\":\"\",\"publisher\":{\"@id\":\"https:\\\/\\\/oklp.de\\\/#organization\"},\"potentialAction\":[{\"@type\":\"SearchAction\",\"target\":{\"@type\":\"EntryPoint\",\"urlTemplate\":\"https:\\\/\\\/oklp.de\\\/?s={search_term_string}\"},\"query-input\":{\"@type\":\"PropertyValueSpecification\",\"valueRequired\":true,\"valueName\":\"search_term_string\"}}],\"inLanguage\":\"en-US\"},{\"@type\":\"Organization\",\"@id\":\"https:\\\/\\\/oklp.de\\\/#organization\",\"name\":\"okl & partner Rechtsanw\u00e4lte PartG mbB\",\"url\":\"https:\\\/\\\/oklp.de\\\/\",\"logo\":{\"@type\":\"ImageObject\",\"inLanguage\":\"en-US\",\"@id\":\"https:\\\/\\\/oklp.de\\\/#\\\/schema\\\/logo\\\/image\\\/\",\"url\":\"https:\\\/\\\/oklp.de\\\/wp-content\\\/uploads\\\/2021\\\/12\\\/Prima\u0308r_OKLP_Logo_CMYK-1.png\",\"contentUrl\":\"https:\\\/\\\/oklp.de\\\/wp-content\\\/uploads\\\/2021\\\/12\\\/Prima\u0308r_OKLP_Logo_CMYK-1.png\",\"width\":904,\"height\":286,\"caption\":\"okl & partner Rechtsanw\u00e4lte PartG mbB\"},\"image\":{\"@id\":\"https:\\\/\\\/oklp.de\\\/#\\\/schema\\\/logo\\\/image\\\/\"}}]}<\/script>\n<!-- \/ Yoast SEO plugin. -->","yoast_head_json":{"title":"Sophia Aschern \u2013 okl &amp;&nbsp;part\u00adner Rechts\u00adan\u00adw\u00e4l\u00adte PartG&nbsp;mbB","description":"Sophia Aschern ber\u00e4t und ver\u00adtritt Kom\u00admu\u00adnen sowie pri\u00adva\u00adte und \u00f6ffent\u00adli\u00adche Unter\u00adneh\u00admen bei Beschaf\u00adfungs\u00advor\u00adha\u00adben zu allen Fra\u00adgen des Ver\u00adga\u00adbe- und des Ver\u00adtrags\u00adrechts zu Bau\u2011, Dienst- und Lieferleistungen.","robots":{"index":"index","follow":"follow","max-snippet":"max-snippet:-1","max-image-preview":"max-image-preview:large","max-video-preview":"max-video-preview:-1"},"canonical":"https:\/\/oklp.de\/en\/sophia-aschern\/","og_locale":"en_US","og_type":"article","og_title":"Sophia Aschern - okl &amp; partner Rechtsanw\u00e4lte PartG mbB","og_description":"Sophia Aschern ber\u00e4t und vertritt Kommunen sowie private und \u00f6ffentliche Unternehmen bei Beschaffungsvorhaben zu allen Fragen des Vergabe- und des Vertragsrechts zu Bau-, Dienst- und Lieferleistungen.","og_url":"https:\/\/oklp.de\/en\/sophia-aschern\/","og_site_name":"okl &amp; partner Rechtsanw\u00e4lte PartG mbB","article_modified_time":"2025-06-12T09:18:40+00:00","twitter_card":"summary_large_image","twitter_misc":{"Est. reading time":"2 minutes"},"schema":{"@context":"https:\/\/schema.org","@graph":[{"@type":"WebPage","@id":"https:\/\/oklp.de\/sophia-aschern\/","url":"https:\/\/oklp.de\/sophia-aschern\/","name":"Sophia Aschern \u2013 okl &amp;&nbsp;part\u00adner Rechts\u00adan\u00adw\u00e4l\u00adte PartG&nbsp;mbB","isPartOf":{"@id":"https:\/\/oklp.de\/#website"},"datePublished":"2025-02-11T08:16:15+00:00","dateModified":"2025-06-12T09:18:40+00:00","description":"Sophia Aschern ber\u00e4t und ver\u00adtritt Kom\u00admu\u00adnen sowie pri\u00adva\u00adte und \u00f6ffent\u00adli\u00adche Unter\u00adneh\u00admen bei Beschaf\u00adfungs\u00advor\u00adha\u00adben zu allen Fra\u00adgen des Ver\u00adga\u00adbe- und des Ver\u00adtrags\u00adrechts zu Bau\u2011, Dienst- und Lieferleistungen.","breadcrumb":{"@id":"https:\/\/oklp.de\/sophia-aschern\/#breadcrumb"},"inLanguage":"en-US","potentialAction":[{"@type":"ReadAction","target":["https:\/\/oklp.de\/sophia-aschern\/"]}]},{"@type":"BreadcrumbList","@id":"https:\/\/oklp.de\/sophia-aschern\/#breadcrumb","itemListElement":[{"@type":"ListItem","position":1,"name":"Home","item":"https:\/\/oklp.de\/"},{"@type":"ListItem","position":2,"name":"Sophia Aschern"}]},{"@type":"WebSite","@id":"https:\/\/oklp.de\/#website","url":"https:\/\/oklp.de\/","name":"okl &amp;&nbsp;part\u00adner Rechts\u00adan\u00adw\u00e4l\u00adte PartG&nbsp;mbB","description":"","publisher":{"@id":"https:\/\/oklp.de\/#organization"},"potentialAction":[{"@type":"SearchAction","target":{"@type":"EntryPoint","urlTemplate":"https:\/\/oklp.de\/?s={search_term_string}"},"query-input":{"@type":"PropertyValueSpecification","valueRequired":true,"valueName":"search_term_string"}}],"inLanguage":"en-US"},{"@type":"Organization","@id":"https:\/\/oklp.de\/#organization","name":"okl &amp;&nbsp;part\u00adner Rechts\u00adan\u00adw\u00e4l\u00adte PartG&nbsp;mbB","url":"https:\/\/oklp.de\/","logo":{"@type":"ImageObject","inLanguage":"en-US","@id":"https:\/\/oklp.de\/#\/schema\/logo\/image\/","url":"https:\/\/oklp.de\/wp-content\/uploads\/2021\/12\/Prima\u0308r_OKLP_Logo_CMYK-1.png","contentUrl":"https:\/\/oklp.de\/wp-content\/uploads\/2021\/12\/Prima\u0308r_OKLP_Logo_CMYK-1.png","width":904,"height":286,"caption":"okl & partner Rechtsanw\u00e4lte PartG mbB"},"image":{"@id":"https:\/\/oklp.de\/#\/schema\/logo\/image\/"}}]}},"_links":{"self":[{"href":"https:\/\/oklp.de\/en\/wp-json\/wp\/v2\/pages\/2384","targetHints":{"allow":["GET"]}}],"collection":[{"href":"https:\/\/oklp.de\/en\/wp-json\/wp\/v2\/pages"}],"about":[{"href":"https:\/\/oklp.de\/en\/wp-json\/wp\/v2\/types\/page"}],"author":[{"embeddable":true,"href":"https:\/\/oklp.de\/en\/wp-json\/wp\/v2\/users\/1"}],"replies":[{"embeddable":true,"href":"https:\/\/oklp.de\/en\/wp-json\/wp\/v2\/comments?post=2384"}],"version-history":[{"count":5,"href":"https:\/\/oklp.de\/en\/wp-json\/wp\/v2\/pages\/2384\/revisions"}],"predecessor-version":[{"id":2452,"href":"https:\/\/oklp.de\/en\/wp-json\/wp\/v2\/pages\/2384\/revisions\/2452"}],"wp:attachment":[{"href":"https:\/\/oklp.de\/en\/wp-json\/wp\/v2\/media?parent=2384"}],"curies":[{"name":"wp","href":"https:\/\/api.w.org\/{rel}","templated":true}]}}