{"id":2410,"date":"2025-04-02T08:16:20","date_gmt":"2025-04-02T08:16:20","guid":{"rendered":"https:\/\/oklp.de\/?page_id=2410"},"modified":"2025-10-27T18:21:33","modified_gmt":"2025-10-27T18:21:33","slug":"maike-sophie-kreys","status":"publish","type":"page","link":"https:\/\/oklp.de\/en\/maike-sophie-kreys\/","title":{"rendered":"Dr. Mai\u00adke Sophie Kreys"},"content":{"rendered":"<div id=\"fws_69ef854b2cd1c\" data-column-margin=\"default\" data-midnight=\"dark\" class=\"wpb_row vc_row-fluid vc_row has-row-bg-color\" style=\"padding-top: 80px; padding-bottom: 15px; --row-bg-color: #000000;\"><div class=\"row-bg-wrap\" data-bg-animation=\"none\" data-bg-animation-delay data-bg-overlay=\"false\"><div class=\"inner-wrap row-bg-layer\"><div class=\"row-bg viewport-desktop using-bg-color\" style=\"background-color: #000000; \"><\/div><\/div><\/div><div class=\"row_col_wrap_12 col span_12 dark left\">\n\t<div class=\"vc_col-sm-1\/5 wpb_column column_container vc_column_container col no-extra-padding inherit_tablet inherit_phone\" data-padding-pos=\"all\" data-has-bg-color=\"false\" data-bg-color data-bg-opacity=\"1\" data-animation data-delay=\"0\">\n\t\t<div class=\"vc_column-inner\">\n\t\t\t<div class=\"wpb_wrapper\">\n\t\t\t\t\n\t\t\t<\/div> \n\t\t<\/div>\n\t<\/div> \n\n\t<div style=\" color: #ffffff;\" class=\"vc_col-sm-3\/5 wpb_column column_container vc_column_container col no-extra-padding inherit_tablet inherit_phone\" data-cfc=\"true\" data-padding-pos=\"all\" data-has-bg-color=\"false\" data-bg-color data-bg-opacity=\"1\" data-animation data-delay=\"0\">\n\t\t<div class=\"vc_column-inner\">\n\t\t\t<div class=\"wpb_wrapper\">\n\t\t\t\t\n<div class=\"wpb_text_column wpb_content_element\">\n\t<p>Dr. Mai\u00adke Sophie Kreys ber\u00e4t und ver\u00adtritt pri\u00adva\u00adte und \u00f6ffent\u00adli\u00adche Unter\u00adneh\u00admen sowie Kom\u00admu\u00adnen im \u00f6ffent\u00adli\u00adchen Wirt\u00adschafts\u00adrecht. Ihre Schwer\u00adpunk\u00adte lie\u00adgen im Ver\u00adga\u00adbe\u00adrecht, ins\u00adbe\u00adson\u00adde\u00adre zu Bau\u2011, Lie\u00adfer- und Dienst\u00adleis\u00adtun\u00adgen sowie im Zuwen\u00addungs- und \u00f6ffent\u00adli\u00adchen Preis\u00adrecht. Sie beglei\u00adtet Kom\u00admu\u00adnen bei der Kon\u00adzep\u00adti\u00adon und Durch\u00adf\u00fch\u00adrung sowie Unter\u00adneh\u00admen bei der Teil\u00adnah\u00adme an Ver\u00adga\u00adbe\u00adver\u00adfah\u00adren und unter\u00adst\u00fctzt die\u00adse erfor\u00adder\u00adli\u00adchen\u00adfalls bei der gericht\u00adli\u00adchen Wahr\u00adneh\u00admung ihrer Rech\u00adte, etwa in Nach\u00adpr\u00fc\u00adfungs\u00adver\u00adfah\u00adren vor den Ver\u00adga\u00adbe\u00adkam\u00admern und Ober\u00adlan\u00addes\u00adge\u00adrich\u00adten. Dane\u00adben ver\u00adf\u00fcgt Frau Dr. Kreys \u00fcber beson\u00adde\u00adre Exper\u00adti\u00adse im F\u00f6r\u00adder\u00admit\u00adtel- und Beihilferecht.<\/p>\n<\/div>\n\n\n\n\n\t\t\t<\/div> \n\t\t<\/div>\n\t<\/div> \n\n\t<div class=\"vc_col-sm-1\/5 wpb_column column_container vc_column_container col no-extra-padding inherit_tablet inherit_phone\" data-padding-pos=\"all\" data-has-bg-color=\"false\" data-bg-color data-bg-opacity=\"1\" data-animation data-delay=\"0\">\n\t\t<div class=\"vc_column-inner\">\n\t\t\t<div class=\"wpb_wrapper\">\n\t\t\t\t\n\t\t\t<\/div> \n\t\t<\/div>\n\t<\/div> \n<\/div><\/div>\n\t\t<div id=\"fws_69ef854b2d19c\" data-column-margin=\"default\" data-midnight=\"light\" class=\"wpb_row vc_row-fluid vc_row has-row-bg-color\" style=\"padding-top: 40px; padding-bottom: 30px; --row-bg-color: #000000;\"><div class=\"row-bg-wrap\" data-bg-animation=\"none\" data-bg-animation-delay data-bg-overlay=\"false\"><div class=\"inner-wrap row-bg-layer\"><div class=\"row-bg viewport-desktop using-bg-color\" style=\"background-color: #000000; \"><\/div><\/div><\/div><div class=\"row_col_wrap_12 col span_12 light left\">\n\t<div class=\"vc_col-sm-1\/5 wpb_column column_container vc_column_container col no-extra-padding inherit_tablet inherit_phone\" data-padding-pos=\"all\" data-has-bg-color=\"false\" data-bg-color data-bg-opacity=\"1\" data-animation data-delay=\"0\">\n\t\t<div class=\"vc_column-inner\">\n\t\t\t<div class=\"wpb_wrapper\">\n\t\t\t\t\n\t\t\t<\/div> \n\t\t<\/div>\n\t<\/div> \n\n\t<div style=\" color: #ffffff;\" class=\"vc_col-sm-3\/5 wpb_column column_container vc_column_container col no-extra-padding inherit_tablet inherit_phone\" data-cfc=\"true\" data-padding-pos=\"all\" data-has-bg-color=\"false\" data-bg-color data-bg-opacity=\"1\" data-animation data-delay=\"0\">\n\t\t<div class=\"vc_column-inner\">\n\t\t\t<div class=\"wpb_wrapper\">\n\t\t\t\t<div class=\"toggles\" data-br data-starting=\"default\" data-style=\"minimal_small\"><div class=\"toggle accent-color\" data-inner-wrap=\"true\"><h3 class=\"toggle-title\"><a href=\"#\" role=\"button\" class=\"toggle-heading\"><i role=\"presentation\" class=\"fa fa-plus\"><\/i>Cur\u00adri\u00adcu\u00adlum&nbsp;vitae<\/a><\/h3><div><div class=\"inner-toggle-wrap\">\n<div class=\"wpb_text_column wpb_content_element\">\n\t<p>Stu\u00addi\u00adum der Rechts\u00adwis\u00adsen\u00adschaf\u00adten an der Uni\u00adver\u00adsi\u00adt\u00e4t zu&nbsp;K\u00f6ln<\/p>\n<p>Wis\u00adsen\u00adschaft\u00adli\u00adche Mit\u00adar\u00adbei\u00adte\u00adrin bei Bird &amp;&nbsp;Bird in D\u00fcs\u00adsel\u00addorf sowie HEU\u00adKING in K\u00f6ln, jeweils mit dem Schwer\u00adpunkt \u00d6ffent\u00adli\u00adches Wirtschaftsrecht<\/p>\n<p>Rechts\u00adre\u00adfe\u00adren\u00adda\u00adri\u00adat am Land\u00adge\u00adricht Wup\u00adper\u00adtal u.a. mit Sta\u00adtio\u00adnen beim Bun\u00addes\u00adkar\u00adtell\u00adamt und bei HEU\u00adKING in&nbsp;K\u00f6ln<\/p>\n<p>Zulas\u00adsung als Rechts\u00adan\u00adw\u00e4l\u00adtin&nbsp;2024<\/p>\n<p>T\u00e4tig\u00adkeit als Rechts\u00adan\u00adw\u00e4l\u00adtin bei HEU\u00adKING in K\u00f6ln mit dem Schwer\u00adpunkt Ver\u00adga\u00adbe\u00adrecht sowie Immo\u00adbi\u00adli\u00aden &amp;&nbsp;Bau<\/p>\n<p>Ein\u00adtritt in die Sozie\u00adt\u00e4t okl &amp;&nbsp;part\u00adner, B\u00fcro K\u00f6ln,&nbsp;2025<\/p>\n<\/div>\n\n\n\n<\/div><\/div><\/div><\/div>\n\t\t\t<\/div> \n\t\t<\/div>\n\t<\/div> \n\n\t<div class=\"vc_col-sm-1\/5 wpb_column column_container vc_column_container col no-extra-padding inherit_tablet inherit_phone\" data-padding-pos=\"all\" data-has-bg-color=\"false\" data-bg-color data-bg-opacity=\"1\" data-animation data-delay=\"0\">\n\t\t<div class=\"vc_column-inner\">\n\t\t\t<div class=\"wpb_wrapper\">\n\t\t\t\t\n\t\t\t<\/div> \n\t\t<\/div>\n\t<\/div> \n<\/div><\/div>\n\t\t<div id=\"fws_69ef854b2d702\" data-column-margin=\"default\" data-midnight=\"light\" class=\"wpb_row vc_row-fluid vc_row has-row-bg-color\" style=\"padding-top: 0px; padding-bottom: 40px; --row-bg-color: #000000;\"><div class=\"row-bg-wrap\" data-bg-animation=\"none\" data-bg-animation-delay data-bg-overlay=\"false\"><div class=\"inner-wrap row-bg-layer\"><div class=\"row-bg viewport-desktop using-bg-color\" style=\"background-color: #000000; \"><\/div><\/div><\/div><div class=\"row_col_wrap_12 col span_12 light left\">\n\t<div class=\"vc_col-sm-1\/5 wpb_column column_container vc_column_container col no-extra-padding inherit_tablet inherit_phone\" data-padding-pos=\"all\" data-has-bg-color=\"false\" data-bg-color data-bg-opacity=\"1\" data-animation data-delay=\"0\">\n\t\t<div class=\"vc_column-inner\">\n\t\t\t<div class=\"wpb_wrapper\">\n\t\t\t\t\n\t\t\t<\/div> \n\t\t<\/div>\n\t<\/div> \n\n\t<div class=\"vc_col-sm-4\/5 wpb_column column_container vc_column_container col no-extra-padding inherit_tablet inherit_phone\" data-padding-pos=\"all\" data-has-bg-color=\"false\" data-bg-color data-bg-opacity=\"1\" data-animation data-delay=\"0\">\n\t\t<div class=\"vc_column-inner\">\n\t\t\t<div class=\"wpb_wrapper\">\n\t\t\t\t<div id=\"fws_69ef854b2d90f\" data-midnight data-column-margin=\"default\" class=\"wpb_row vc_row-fluid vc_row inner_row\" style><div class=\"row-bg-wrap\"> <div class=\"row-bg\"><\/div> <\/div><div class=\"row_col_wrap_12_inner col span_12  left\">\n\t<div class=\"vc_col-sm-4 wpb_column column_container vc_column_container col child_column no-extra-padding inherit_tablet inherit_phone\" data-padding-pos=\"all\" data-has-bg-color=\"false\" data-bg-color data-bg-opacity=\"1\" data-animation data-delay=\"0\">\n\t\t<div class=\"vc_column-inner\">\n\t\t<div class=\"wpb_wrapper\">\n\t\t\t<div class=\"img-with-aniamtion-wrap  custom-size\" data-max-width=\"100%\" data-max-width-mobile=\"default\" data-border-radius=\"10px\" data-shadow=\"none\" data-animation=\"fade-in\">\n      <div class=\"inner\">\n        <div class=\"hover-wrap\" data-hover-animation=\"zoom\"> \n          <div class=\"hover-wrap-inner\">\n            <img loading=\"lazy\" decoding=\"async\" class=\"img-with-animation skip-lazy\" data-delay=\"0\" height=\"1024\" width=\"1024\" data-animation=\"fade-in\" src=\"https:\/\/oklp.de\/wp-content\/uploads\/2025\/06\/sophie-kreys-01-1024x1024.jpg\" alt srcset=\"https:\/\/oklp.de\/wp-content\/uploads\/2025\/06\/sophie-kreys-01-1024x1024.jpg 1024w, https:\/\/oklp.de\/wp-content\/uploads\/2025\/06\/sophie-kreys-01-300x300.jpg 300w, https:\/\/oklp.de\/wp-content\/uploads\/2025\/06\/sophie-kreys-01-150x150.jpg 150w, https:\/\/oklp.de\/wp-content\/uploads\/2025\/06\/sophie-kreys-01-768x768.jpg 768w, https:\/\/oklp.de\/wp-content\/uploads\/2025\/06\/sophie-kreys-01-1536x1536.jpg 1536w, https:\/\/oklp.de\/wp-content\/uploads\/2025\/06\/sophie-kreys-01-12x12.jpg 12w, https:\/\/oklp.de\/wp-content\/uploads\/2025\/06\/sophie-kreys-01-140x140.jpg 140w, https:\/\/oklp.de\/wp-content\/uploads\/2025\/06\/sophie-kreys-01-100x100.jpg 100w, https:\/\/oklp.de\/wp-content\/uploads\/2025\/06\/sophie-kreys-01-500x500.jpg 500w, https:\/\/oklp.de\/wp-content\/uploads\/2025\/06\/sophie-kreys-01-350x350.jpg 350w, https:\/\/oklp.de\/wp-content\/uploads\/2025\/06\/sophie-kreys-01-1000x1000.jpg 1000w, https:\/\/oklp.de\/wp-content\/uploads\/2025\/06\/sophie-kreys-01-800x800.jpg 800w, https:\/\/oklp.de\/wp-content\/uploads\/2025\/06\/sophie-kreys-01.jpg 1600w\" sizes=\"auto, (max-width: 1024px) 100vw, 1024px\">\n          <\/div>\n        <\/div>\n        \n      <\/div>\n    <\/div>\n\t\t<\/div> \n\t<\/div>\n\t<\/div> \n\n\t<div class=\"vc_col-sm-8 wpb_column column_container vc_column_container col child_column no-extra-padding inherit_tablet inherit_phone\" data-padding-pos=\"all\" data-has-bg-color=\"false\" data-bg-color data-bg-opacity=\"1\" data-animation data-delay=\"0\">\n\t\t<div class=\"vc_column-inner\">\n\t\t<div class=\"wpb_wrapper\">\n\t\t\t\n<div class=\"wpb_text_column wpb_content_element\">\n\t<h3>Lawy\u00ader<br>\nDr. Mai\u00adke Sophie Kreys<\/h3>\n<\/div>\n\n\n\n<div class=\"divider-wrap\" data-alignment=\"default\"><div style=\"margin-top: 12.5px; width: 20%; height: 1px; margin-bottom: 12.5px;\" data-width=\"20%\" data-animate=\"yes\" data-animation-delay data-color=\"accent-color\" class=\"divider-small-border\"><\/div><\/div>\n<div class=\"wpb_text_column wpb_content_element\">\n\t<p>sophie.kreys@oklp.de<br>\n+49 221 4207 \u2013&nbsp;251<\/p>\n<\/div>\n\n\n\n<div class=\"nectar_icon_wrap\" data-style=\"default\" data-padding=\"0px\" data-color=\"accent-color\" style>\n\t\t<div class=\"nectar_icon\"><a href=\"https:\/\/www.linkedin.com\/in\/sophie-kreys-89009a130\/\" target=\"_blank\"><\/a><i style=\"font-size: 50px; line-height: 50px; height: 50px; width: 50px;\" class=\"fa fa-linkedin-square\"><\/i><\/div>\n\t<\/div>\n\t\t<\/div> \n\t<\/div>\n\t<\/div> \n<\/div><\/div>\n\t\t\t<\/div> \n\t\t<\/div>\n\t<\/div> \n<\/div><\/div>","protected":false},"excerpt":{"rendered":"Dr. Mai\u00adke Sophie Kreys ber\u00e4t und ver\u00adtritt pri\u00adva\u00adte und \u00f6ffent\u00adli\u00adche Unter\u00adneh\u00admen sowie Kom\u00admu\u00adnen im \u00f6ffent\u00adli\u00adchen Wirt\u00adschafts\u00adrecht. Ihre Schwer\u00adpunk\u00adte lie\u00adgen im Ver\u00adga\u00adbe\u00adrecht, ins\u00adbe\u00adson\u00adde\u00adre zu Bau\u2011, Lie\u00adfer- und Dienst\u00adleis\u00adtun\u00adgen sowie im Zuwendungs-\u2026","protected":false},"author":1,"featured_media":0,"parent":0,"menu_order":5,"comment_status":"closed","ping_status":"closed","template":"","meta":{"wp_typography_post_enhancements_disabled":false,"footnotes":""},"class_list":["post-2410","page","type-page","status-publish"],"yoast_head":"<!-- This site is optimized with the Yoast SEO plugin v27.4 - https:\/\/yoast.com\/product\/yoast-seo-wordpress\/ -->\n<title>Dr. Maike Sophie Kreys - okl &amp; partner Rechtsanw\u00e4lte PartG mbB<\/title>\n<meta name=\"description\" content=\"Dr. Maike Sophie Kreys ber\u00e4t und vertritt private und \u00f6ffentliche Unternehmen sowie Kommunen im \u00f6ffentlichen Wirtschaftsrecht.\" \/>\n<meta name=\"robots\" content=\"index, follow, max-snippet:-1, max-image-preview:large, max-video-preview:-1\" \/>\n<link rel=\"canonical\" href=\"https:\/\/oklp.de\/en\/maike-sophie-kreys\/\" \/>\n<meta property=\"og:locale\" content=\"en_US\" \/>\n<meta property=\"og:type\" content=\"article\" \/>\n<meta property=\"og:title\" content=\"Dr. Maike Sophie Kreys - okl &amp; partner Rechtsanw\u00e4lte PartG mbB\" \/>\n<meta property=\"og:description\" content=\"Dr. Maike Sophie Kreys ber\u00e4t und vertritt private und \u00f6ffentliche Unternehmen sowie Kommunen im \u00f6ffentlichen Wirtschaftsrecht.\" \/>\n<meta property=\"og:url\" content=\"https:\/\/oklp.de\/en\/maike-sophie-kreys\/\" \/>\n<meta property=\"og:site_name\" content=\"okl &amp; partner Rechtsanw\u00e4lte PartG mbB\" \/>\n<meta property=\"article:modified_time\" content=\"2025-10-27T18:21:33+00:00\" \/>\n<meta name=\"twitter:card\" content=\"summary_large_image\" \/>\n<meta name=\"twitter:label1\" content=\"Est. reading time\" \/>\n\t<meta name=\"twitter:data1\" content=\"2 minutes\" \/>\n<script type=\"application\/ld+json\" class=\"yoast-schema-graph\">{\"@context\":\"https:\\\/\\\/schema.org\",\"@graph\":[{\"@type\":\"WebPage\",\"@id\":\"https:\\\/\\\/oklp.de\\\/maike-sophie-kreys\\\/\",\"url\":\"https:\\\/\\\/oklp.de\\\/maike-sophie-kreys\\\/\",\"name\":\"Dr. Maike Sophie Kreys - okl &amp; partner Rechtsanw\u00e4lte PartG mbB\",\"isPartOf\":{\"@id\":\"https:\\\/\\\/oklp.de\\\/#website\"},\"datePublished\":\"2025-04-02T08:16:20+00:00\",\"dateModified\":\"2025-10-27T18:21:33+00:00\",\"description\":\"Dr. Maike Sophie Kreys ber\u00e4t und vertritt private und \u00f6ffentliche Unternehmen sowie Kommunen im \u00f6ffentlichen Wirtschaftsrecht.\",\"breadcrumb\":{\"@id\":\"https:\\\/\\\/oklp.de\\\/maike-sophie-kreys\\\/#breadcrumb\"},\"inLanguage\":\"en-US\",\"potentialAction\":[{\"@type\":\"ReadAction\",\"target\":[\"https:\\\/\\\/oklp.de\\\/maike-sophie-kreys\\\/\"]}]},{\"@type\":\"BreadcrumbList\",\"@id\":\"https:\\\/\\\/oklp.de\\\/maike-sophie-kreys\\\/#breadcrumb\",\"itemListElement\":[{\"@type\":\"ListItem\",\"position\":1,\"name\":\"Home\",\"item\":\"https:\\\/\\\/oklp.de\\\/\"},{\"@type\":\"ListItem\",\"position\":2,\"name\":\"Dr. Maike Sophie Kreys\"}]},{\"@type\":\"WebSite\",\"@id\":\"https:\\\/\\\/oklp.de\\\/#website\",\"url\":\"https:\\\/\\\/oklp.de\\\/\",\"name\":\"okl &amp; partner Rechtsanw\u00e4lte PartG mbB\",\"description\":\"\",\"publisher\":{\"@id\":\"https:\\\/\\\/oklp.de\\\/#organization\"},\"potentialAction\":[{\"@type\":\"SearchAction\",\"target\":{\"@type\":\"EntryPoint\",\"urlTemplate\":\"https:\\\/\\\/oklp.de\\\/?s={search_term_string}\"},\"query-input\":{\"@type\":\"PropertyValueSpecification\",\"valueRequired\":true,\"valueName\":\"search_term_string\"}}],\"inLanguage\":\"en-US\"},{\"@type\":\"Organization\",\"@id\":\"https:\\\/\\\/oklp.de\\\/#organization\",\"name\":\"okl & partner Rechtsanw\u00e4lte PartG mbB\",\"url\":\"https:\\\/\\\/oklp.de\\\/\",\"logo\":{\"@type\":\"ImageObject\",\"inLanguage\":\"en-US\",\"@id\":\"https:\\\/\\\/oklp.de\\\/#\\\/schema\\\/logo\\\/image\\\/\",\"url\":\"https:\\\/\\\/oklp.de\\\/wp-content\\\/uploads\\\/2021\\\/12\\\/Prima\u0308r_OKLP_Logo_CMYK-1.png\",\"contentUrl\":\"https:\\\/\\\/oklp.de\\\/wp-content\\\/uploads\\\/2021\\\/12\\\/Prima\u0308r_OKLP_Logo_CMYK-1.png\",\"width\":904,\"height\":286,\"caption\":\"okl & partner Rechtsanw\u00e4lte PartG mbB\"},\"image\":{\"@id\":\"https:\\\/\\\/oklp.de\\\/#\\\/schema\\\/logo\\\/image\\\/\"}}]}<\/script>\n<!-- \/ Yoast SEO plugin. -->","yoast_head_json":{"title":"Dr. Mai\u00adke Sophie Kreys \u2013 okl &amp;&nbsp;part\u00adner Rechts\u00adan\u00adw\u00e4l\u00adte PartG&nbsp;mbB","description":"Dr. Mai\u00adke Sophie Kreys ber\u00e4t und ver\u00adtritt pri\u00adva\u00adte und \u00f6ffent\u00adli\u00adche Unter\u00adneh\u00admen sowie Kom\u00admu\u00adnen im \u00f6ffent\u00adli\u00adchen Wirtschaftsrecht.","robots":{"index":"index","follow":"follow","max-snippet":"max-snippet:-1","max-image-preview":"max-image-preview:large","max-video-preview":"max-video-preview:-1"},"canonical":"https:\/\/oklp.de\/en\/maike-sophie-kreys\/","og_locale":"en_US","og_type":"article","og_title":"Dr. Maike Sophie Kreys - okl &amp; partner Rechtsanw\u00e4lte PartG mbB","og_description":"Dr. Maike Sophie Kreys ber\u00e4t und vertritt private und \u00f6ffentliche Unternehmen sowie Kommunen im \u00f6ffentlichen Wirtschaftsrecht.","og_url":"https:\/\/oklp.de\/en\/maike-sophie-kreys\/","og_site_name":"okl &amp; partner Rechtsanw\u00e4lte PartG mbB","article_modified_time":"2025-10-27T18:21:33+00:00","twitter_card":"summary_large_image","twitter_misc":{"Est. reading time":"2 minutes"},"schema":{"@context":"https:\/\/schema.org","@graph":[{"@type":"WebPage","@id":"https:\/\/oklp.de\/maike-sophie-kreys\/","url":"https:\/\/oklp.de\/maike-sophie-kreys\/","name":"Dr. Mai\u00adke Sophie Kreys \u2013 okl &amp;&nbsp;part\u00adner Rechts\u00adan\u00adw\u00e4l\u00adte PartG&nbsp;mbB","isPartOf":{"@id":"https:\/\/oklp.de\/#website"},"datePublished":"2025-04-02T08:16:20+00:00","dateModified":"2025-10-27T18:21:33+00:00","description":"Dr. Mai\u00adke Sophie Kreys ber\u00e4t und ver\u00adtritt pri\u00adva\u00adte und \u00f6ffent\u00adli\u00adche Unter\u00adneh\u00admen sowie Kom\u00admu\u00adnen im \u00f6ffent\u00adli\u00adchen Wirtschaftsrecht.","breadcrumb":{"@id":"https:\/\/oklp.de\/maike-sophie-kreys\/#breadcrumb"},"inLanguage":"en-US","potentialAction":[{"@type":"ReadAction","target":["https:\/\/oklp.de\/maike-sophie-kreys\/"]}]},{"@type":"BreadcrumbList","@id":"https:\/\/oklp.de\/maike-sophie-kreys\/#breadcrumb","itemListElement":[{"@type":"ListItem","position":1,"name":"Home","item":"https:\/\/oklp.de\/"},{"@type":"ListItem","position":2,"name":"Dr. Maike Sophie Kreys"}]},{"@type":"WebSite","@id":"https:\/\/oklp.de\/#website","url":"https:\/\/oklp.de\/","name":"okl &amp;&nbsp;part\u00adner Rechts\u00adan\u00adw\u00e4l\u00adte PartG&nbsp;mbB","description":"","publisher":{"@id":"https:\/\/oklp.de\/#organization"},"potentialAction":[{"@type":"SearchAction","target":{"@type":"EntryPoint","urlTemplate":"https:\/\/oklp.de\/?s={search_term_string}"},"query-input":{"@type":"PropertyValueSpecification","valueRequired":true,"valueName":"search_term_string"}}],"inLanguage":"en-US"},{"@type":"Organization","@id":"https:\/\/oklp.de\/#organization","name":"okl &amp;&nbsp;part\u00adner Rechts\u00adan\u00adw\u00e4l\u00adte PartG&nbsp;mbB","url":"https:\/\/oklp.de\/","logo":{"@type":"ImageObject","inLanguage":"en-US","@id":"https:\/\/oklp.de\/#\/schema\/logo\/image\/","url":"https:\/\/oklp.de\/wp-content\/uploads\/2021\/12\/Prima\u0308r_OKLP_Logo_CMYK-1.png","contentUrl":"https:\/\/oklp.de\/wp-content\/uploads\/2021\/12\/Prima\u0308r_OKLP_Logo_CMYK-1.png","width":904,"height":286,"caption":"okl & partner Rechtsanw\u00e4lte PartG mbB"},"image":{"@id":"https:\/\/oklp.de\/#\/schema\/logo\/image\/"}}]}},"_links":{"self":[{"href":"https:\/\/oklp.de\/en\/wp-json\/wp\/v2\/pages\/2410","targetHints":{"allow":["GET"]}}],"collection":[{"href":"https:\/\/oklp.de\/en\/wp-json\/wp\/v2\/pages"}],"about":[{"href":"https:\/\/oklp.de\/en\/wp-json\/wp\/v2\/types\/page"}],"author":[{"embeddable":true,"href":"https:\/\/oklp.de\/en\/wp-json\/wp\/v2\/users\/1"}],"replies":[{"embeddable":true,"href":"https:\/\/oklp.de\/en\/wp-json\/wp\/v2\/comments?post=2410"}],"version-history":[{"count":9,"href":"https:\/\/oklp.de\/en\/wp-json\/wp\/v2\/pages\/2410\/revisions"}],"predecessor-version":[{"id":2561,"href":"https:\/\/oklp.de\/en\/wp-json\/wp\/v2\/pages\/2410\/revisions\/2561"}],"wp:attachment":[{"href":"https:\/\/oklp.de\/en\/wp-json\/wp\/v2\/media?parent=2410"}],"curies":[{"name":"wp","href":"https:\/\/api.w.org\/{rel}","templated":true}]}}