{"id":979,"date":"2022-04-17T18:47:24","date_gmt":"2022-04-17T18:47:24","guid":{"rendered":"https:\/\/oklp.de\/?page_id=979"},"modified":"2025-09-12T15:04:19","modified_gmt":"2025-09-12T15:04:19","slug":"rechtsanwalt-dr-tim-hahn","status":"publish","type":"page","link":"https:\/\/oklp.de\/en\/rechtsanwalt-dr-tim-hahn\/","title":{"rendered":"Rechts\u00adan\u00adwalt Dr. Tim&nbsp;Hahn"},"content":{"rendered":"\n\t\t<div id=\"fws_69ef8544c45f8\"  data-column-margin=\"default\" data-midnight=\"dark\"  class=\"wpb_row vc_row-fluid vc_row full-width-section has-row-bg-color\"  style=\"padding-top: 80px; padding-bottom: 15px; --row-bg-color: #000000;\"><div class=\"row-bg-wrap\" data-bg-animation=\"none\" data-bg-animation-delay=\"\" data-bg-overlay=\"false\"><div class=\"inner-wrap row-bg-layer\" ><div class=\"row-bg viewport-desktop using-bg-color\"  style=\"background-color: #000000; \"><\/div><\/div><\/div><div class=\"nectar-shape-divider-wrap \" style=\" height:100px;\"  data-height=\"100\" data-front=\"\" data-style=\"mountains\" data-position=\"top\" ><svg class=\"nectar-shape-divider\" fill=\"#000000\" xmlns=\"http:\/\/www.w3.org\/2000\/svg\" viewBox=\"0 0 1000 300\" preserveAspectRatio=\"none\">\n          <path d=\"M 1014 264 v 122 h -808 l -172 -86 s 310.42 -22.84 402 -79 c 106 -65 154 -61 268 -12 c 107 46 195.11 5.94 275 137 z\"><\/path>   <path d=\"M -302 55 s 235.27 208.25 352 159 c 128 -54 233 -98 303 -73 c 92.68 33.1 181.28 115.19 235 108 c 104.9 -14 176.52 -173.06 267 -118 c 85.61 52.09 145 123 145 123 v 74 l -1306 10 z\"><\/path>\n          <path d=\"M -286 255 s 214 -103 338 -129 s 203 29 384 101 c 145.57 57.91 178.7 50.79 272 0 c 79 -43 301 -224 385 -63 c 53 101.63 -62 129 -62 129 l -107 84 l -1212 12 z\"><\/path>\n          <path d=\"M -24 69 s 299.68 301.66 413 245 c 8 -4 233 2 284 42 c 17.47 13.7 172 -132 217 -174 c 54.8 -51.15 128 -90 188 -39 c 76.12 64.7 118 99 118 99 l -12 132 l -1212 12 z\"><\/path>\n          <path d=\"M -12 201 s 70 83 194 57 s 160.29 -36.77 274 6 c 109 41 184.82 24.36 265 -15 c 55 -27 116.5 -57.69 214 4 c 49 31 95 26 95 26 l -6 151 l -1036 10 z\"><\/path> <\/svg><\/div><div class=\"row_col_wrap_12 col span_12 dark left\">\n\t<div  class=\"vc_col-sm-1\/5 wpb_column column_container vc_column_container col no-extra-padding inherit_tablet inherit_phone \"  data-padding-pos=\"all\" data-has-bg-color=\"false\" data-bg-color=\"\" data-bg-opacity=\"1\" data-animation=\"\" data-delay=\"0\" >\n\t\t<div class=\"vc_column-inner\" >\n\t\t\t<div class=\"wpb_wrapper\">\n\t\t\t\t\n\t\t\t<\/div> \n\t\t<\/div>\n\t<\/div> \n\n\t<div style=\" color: #ffffff;\" class=\"vc_col-sm-3\/5 wpb_column column_container vc_column_container col no-extra-padding inherit_tablet inherit_phone \" data-cfc=\"true\"  data-padding-pos=\"all\" data-has-bg-color=\"false\" data-bg-color=\"\" data-bg-opacity=\"1\" data-animation=\"\" data-delay=\"0\" >\n\t\t<div class=\"vc_column-inner\" >\n\t\t\t<div class=\"wpb_wrapper\">\n\t\t\t\t\n<div class=\"wpb_text_column wpb_content_element \" >\n\t<p style=\"font-weight: 400;\">Dr. Tim Hahn ist seit 2013 als Rechtsanwalt im europ\u00e4ischen und deutschen Umweltrecht t\u00e4tig. Seine T\u00e4tigkeitsschwerpunkte liegen im Kreislaufwirtschaftsrecht, an den Schnittstellen zwischen Stoff\u2011, Produkt- und Abfallrecht, im Anlagengenehmigungsrecht und Immissionsschutzrecht, im Bodenschutz- und Wasserrecht sowie in den Bereichen Umwelt-Compliance und Vertragsgestaltung. \u00a0Zu seinen Mandanten geh\u00f6ren national und international t\u00e4tige Wirtschaftsunternehmen genauso wie Unternehmen der \u00f6ffentlichen Hand.<\/p>\n<p style=\"font-weight: 400;\">Dr. Hahn wird von Mandanten unter anderem wegen seiner umfassenden Kenntnisse im deutschen und europ\u00e4ischen Kreislaufwirtschaftsrecht und seiner diesbez\u00fcglichen Branchenkenntnis sehr gesch\u00e4tzt. Im Jahr 2017 wurde er mit einer Arbeit zur Abfallhierarchie an der Universit\u00e4t Bonn promoviert.<\/p>\n<p style=\"font-weight: 400;\">Dr. Tim Hahn wurde im Jahr 2024 von der WirtschaftsWoche als einer der renommiertesten Anw\u00e4lte im Bereich \u201eUmwelt- und Bauplanungsrecht\u201c ausgezeichnet. Er h\u00e4lt regelm\u00e4\u00dfig Fachvortr\u00e4ge zu umweltrechtlichen Themen und ver\u00f6ffentlicht Beitr\u00e4ge in Fachzeitschriften.<\/p>\n<\/div>\n\n\n\n\n\t\t\t<\/div> \n\t\t<\/div>\n\t<\/div> \n\n\t<div  class=\"vc_col-sm-1\/5 wpb_column column_container vc_column_container col no-extra-padding inherit_tablet inherit_phone \"  data-padding-pos=\"all\" data-has-bg-color=\"false\" data-bg-color=\"\" data-bg-opacity=\"1\" data-animation=\"\" data-delay=\"0\" >\n\t\t<div class=\"vc_column-inner\" >\n\t\t\t<div class=\"wpb_wrapper\">\n\t\t\t\t\n\t\t\t<\/div> \n\t\t<\/div>\n\t<\/div> \n<\/div><\/div>\n\t\t<div id=\"fws_69ef8544c4924\"  data-column-margin=\"default\" data-midnight=\"light\"  class=\"wpb_row vc_row-fluid vc_row has-row-bg-color\"  style=\"padding-top: 40px; padding-bottom: 30px; --row-bg-color: #000000;\"><div class=\"row-bg-wrap\" data-bg-animation=\"none\" data-bg-animation-delay=\"\" data-bg-overlay=\"false\"><div class=\"inner-wrap row-bg-layer\" ><div class=\"row-bg viewport-desktop using-bg-color\"  style=\"background-color: #000000; \"><\/div><\/div><\/div><div class=\"row_col_wrap_12 col span_12 light left\">\n\t<div  class=\"vc_col-sm-1\/5 wpb_column column_container vc_column_container col no-extra-padding inherit_tablet inherit_phone \"  data-padding-pos=\"all\" data-has-bg-color=\"false\" data-bg-color=\"\" data-bg-opacity=\"1\" data-animation=\"\" data-delay=\"0\" >\n\t\t<div class=\"vc_column-inner\" >\n\t\t\t<div class=\"wpb_wrapper\">\n\t\t\t\t\n\t\t\t<\/div> \n\t\t<\/div>\n\t<\/div> \n\n\t<div style=\" color: #ffffff;\" class=\"vc_col-sm-3\/5 wpb_column column_container vc_column_container col no-extra-padding inherit_tablet inherit_phone \" data-cfc=\"true\"  data-padding-pos=\"all\" data-has-bg-color=\"false\" data-bg-color=\"\" data-bg-opacity=\"1\" data-animation=\"\" data-delay=\"0\" >\n\t\t<div class=\"vc_column-inner\" >\n\t\t\t<div class=\"wpb_wrapper\">\n\t\t\t\t<div class=\"toggles \" data-br=\"\" data-starting=\"default\" data-style=\"minimal_small\"><div class=\"toggle accent-color\" data-inner-wrap=\"true\"><h3 class=\"toggle-title\"><a href=\"#\" role=\"button\" class=\"toggle-heading\"><i role=\"presentation\" class=\"fa fa-plus\"><\/i>Lebenslauf<\/a><\/h3><div><div class=\"inner-toggle-wrap\">\n<div class=\"wpb_text_column wpb_content_element \" >\n\t<p>Studium der Rechtswissenschaften in Bochum und Bonn<\/p>\n<p>Referendariat mit Stationen in Mexiko-Stadt und an der Deutschen Hochschule f\u00fcr Verwaltungswissenschaften in Speyer<\/p>\n<p>Promotion mit einer Arbeit zum europ\u00e4ischen und deutschen Abfallrecht an der Universit\u00e4t Bonn bei Prof. Dr. Dr. Wolfgang Durner LL.M.<\/p>\n<p>Zulassung als Rechtsanwalt 2013<\/p>\n<p>T\u00e4tigkeit als Rechtsanwalt im Umwelt- und Planungsrecht<\/p>\n<p>Seit 2022: Partner der Soziet\u00e4t okl &amp; partner, B\u00fcro Berlin<\/p>\n<p>Regelm\u00e4\u00dfige Vortragst\u00e4tigkeit zu umweltrechtlichen Themen<\/p>\n<\/div>\n\n\n\n<\/div><\/div><\/div><div class=\"toggle accent-color\" data-inner-wrap=\"true\"><h3 class=\"toggle-title\"><a href=\"#\" role=\"button\" class=\"toggle-heading\"><i role=\"presentation\" class=\"fa fa-plus\"><\/i>Ver\u00f6ffentlichungen<\/a><\/h3><div><div class=\"inner-toggle-wrap\">\n<div class=\"wpb_text_column wpb_content_element \" >\n\t<p><strong>Zirkul\u00e4res Bauen aus Sicht des \u00f6ffentlichen Rechts<\/strong><br \/>\nin: Akhrymenka\/Baron\/Jacob\/Kukovec (Hrsg.), Circular Economy in der Bau- und Immobilienwirtschaft, Freiburg 2024.<\/p>\n<p style=\"font-weight: 400\"><strong>Verbrennungsaschen und Ersatzbaustoffverordnung \u2013 rechtliche Aspekte<br \/>\n<\/strong>in: Holm\/Thom\u00e9-Kozmiensky\/Quicker\/Kopp-Assenmacher (Hrsg.), Verwertung von Kl\u00e4rschlamm \u2013 Band 6, 2023, S. 88-101.<\/p>\n<p><strong>Die neue Ersatzbaustoffverordnung<\/strong><br \/>\n<strong>Anforderungen an die g\u00fcte\u00fcberwachte Herstellung mineralischer Ersatzbaustoffe in Aufbereitungsanlagen (Teil\u00a02)<\/strong><br \/>\nin: Zeitschrift f\u00fcr das Recht der Abfallwirtschaft (AbfallR) 2022, S. 246\u00a0ff.<\/p>\n<p><strong>Verfassungs- und klimaschutzrechtliche Rahmenbedingungen der Anrechnung von Biokraftstoffen aus Nahrungs- und Futtermittelpflanzen<\/strong><br \/>\nin: Umweltrechtliche Beitr\u00e4ge aus Wissenschaft und Praxis (UWP) 2022, S. 98 ff. [gemeinsam mit S. Kopp-Assenmacher und Dr. F. Markmann]<\/p>\n<p><strong>Die neue Ersatzbaustoffverordnung<\/strong><br \/>\n<strong>Anforderungen an die g\u00fcte\u00fcberwachte Herstellung mineralischer Ersatzbaustoffe in Aufbereitungsanlagen (Teil 1)<\/strong><br \/>\nin: AbfallR 2022, S. 188 ff.<\/p>\n<p><strong>Anmerkung zum Beschluss des OVG Sachsen-Anhalt vom 16.7.2019 \u2013 2 M 43\/19,<br \/>\n<\/strong>in: Zeitschrift f\u00fcr das Recht der Abfallwirtschaft (AbfallR) 2020, S.\u00a0197\u00a0ff.<\/p>\n<p><strong>Die Abfallhierarchie der europ\u00e4ischen Abfallrahmenrichtlinie und ihre Umsetzung im deutschen Kreislaufwirtschaftsgesetz,<br \/>\n<\/strong>in: Schriftenreihe des Instituts f\u00fcr das Recht der Wasser- und Entsorgungswirtschaft an der Universit\u00e4t Bonn, Bd. 47, 2017, Carl Heymanns Verlag.<\/p>\n<p><strong>Gewerbliche Sammlung: Es bleibt schwierig! \u2013 zur Rechtsprechung des BVerwG vom 30.06.2016,<br \/>\n<\/strong>in: Zeitschrift f\u00fcr Umweltrecht (ZUR) 2017, S. 80 ff. [gemeinsam mit S. Kopp-Assenmacher].<\/p>\n<p><strong>Kommentierung der \u00a7 3 Abs. 7, \u00a7\u00a7 11-12, \u00a7 14<\/strong> <strong>Kreislaufwirtschaftsgesetz (KrWG),<br \/>\n<\/strong>in: Kopp-Assenmacher (Hrsg.), Kreislaufwirtschaftsgesetz, 1. Auflage 2015, Erich Schmidt Verlag.<\/p>\n<p><strong>Das Kreislaufwirtschaftsrecht in der neuen Legislaturperiode,<br \/>\n<\/strong>in: Zeitschrift f\u00fcr Umweltrecht (ZUR) 2014, S. 184 ff. [gemeinsam mit Dr. F. Schwartz].<\/p>\n<p><strong>Das Kreislaufwirtschaftsgesetz in der Umsetzung,<br \/>\n<\/strong>in: Zeitschrift f\u00fcr Umweltrecht (ZUR) 2013, S.\u00a0190 ff.<\/p>\n<\/div>\n\n\n\n<\/div><\/div><\/div><\/div>\n\t\t\t<\/div> \n\t\t<\/div>\n\t<\/div> \n\n\t<div  class=\"vc_col-sm-1\/5 wpb_column column_container vc_column_container col no-extra-padding inherit_tablet inherit_phone \"  data-padding-pos=\"all\" data-has-bg-color=\"false\" data-bg-color=\"\" data-bg-opacity=\"1\" data-animation=\"\" data-delay=\"0\" >\n\t\t<div class=\"vc_column-inner\" >\n\t\t\t<div class=\"wpb_wrapper\">\n\t\t\t\t\n\t\t\t<\/div> \n\t\t<\/div>\n\t<\/div> \n<\/div><\/div>\n\t\t<div id=\"fws_69ef8544c5166\"  data-column-margin=\"default\" data-midnight=\"light\"  class=\"wpb_row vc_row-fluid vc_row has-row-bg-color\"  style=\"padding-top: 0px; padding-bottom: 40px; --row-bg-color: #000000;\"><div class=\"row-bg-wrap\" data-bg-animation=\"none\" data-bg-animation-delay=\"\" data-bg-overlay=\"false\"><div class=\"inner-wrap row-bg-layer\" ><div class=\"row-bg viewport-desktop using-bg-color\"  style=\"background-color: #000000; \"><\/div><\/div><\/div><div class=\"row_col_wrap_12 col span_12 light left\">\n\t<div  class=\"vc_col-sm-1\/5 wpb_column column_container vc_column_container col no-extra-padding inherit_tablet inherit_phone \"  data-padding-pos=\"all\" data-has-bg-color=\"false\" data-bg-color=\"\" data-bg-opacity=\"1\" data-animation=\"\" data-delay=\"0\" >\n\t\t<div class=\"vc_column-inner\" >\n\t\t\t<div class=\"wpb_wrapper\">\n\t\t\t\t\n\t\t\t<\/div> \n\t\t<\/div>\n\t<\/div> \n\n\t<div  class=\"vc_col-sm-4\/5 wpb_column column_container vc_column_container col no-extra-padding inherit_tablet inherit_phone \"  data-padding-pos=\"all\" data-has-bg-color=\"false\" data-bg-color=\"\" data-bg-opacity=\"1\" data-animation=\"\" data-delay=\"0\" >\n\t\t<div class=\"vc_column-inner\" >\n\t\t\t<div class=\"wpb_wrapper\">\n\t\t\t\t<div id=\"fws_69ef8544c52aa\" data-midnight=\"\" data-column-margin=\"default\" class=\"wpb_row vc_row-fluid vc_row inner_row\"  style=\"\"><div class=\"row-bg-wrap\"> <div class=\"row-bg\" ><\/div> <\/div><div class=\"row_col_wrap_12_inner col span_12  left\">\n\t<div  class=\"vc_col-sm-4 wpb_column column_container vc_column_container col child_column no-extra-padding inherit_tablet inherit_phone \"   data-padding-pos=\"all\" data-has-bg-color=\"false\" data-bg-color=\"\" data-bg-opacity=\"1\" data-animation=\"\" data-delay=\"0\" >\n\t\t<div class=\"vc_column-inner\" >\n\t\t<div class=\"wpb_wrapper\">\n\t\t\t<div class=\"img-with-aniamtion-wrap  custom-size\" data-max-width=\"100%\" data-max-width-mobile=\"default\" data-border-radius=\"10px\" data-shadow=\"none\" data-animation=\"fade-in\" >\n      <div class=\"inner\">\n        <div class=\"hover-wrap\" data-hover-animation=\"zoom\"> \n          <div class=\"hover-wrap-inner\">\n            <img loading=\"lazy\" decoding=\"async\" class=\"img-with-animation skip-lazy\" data-delay=\"0\" height=\"800\" width=\"800\" data-animation=\"fade-in\" src=\"https:\/\/oklp.de\/wp-content\/uploads\/2022\/04\/hanh-800x800-1.jpg\" alt=\"\" srcset=\"https:\/\/oklp.de\/wp-content\/uploads\/2022\/04\/hanh-800x800-1.jpg 800w, https:\/\/oklp.de\/wp-content\/uploads\/2022\/04\/hanh-800x800-1-300x300.jpg 300w, https:\/\/oklp.de\/wp-content\/uploads\/2022\/04\/hanh-800x800-1-150x150.jpg 150w, https:\/\/oklp.de\/wp-content\/uploads\/2022\/04\/hanh-800x800-1-768x768.jpg 768w, https:\/\/oklp.de\/wp-content\/uploads\/2022\/04\/hanh-800x800-1-100x100.jpg 100w, https:\/\/oklp.de\/wp-content\/uploads\/2022\/04\/hanh-800x800-1-140x140.jpg 140w, https:\/\/oklp.de\/wp-content\/uploads\/2022\/04\/hanh-800x800-1-500x500.jpg 500w, https:\/\/oklp.de\/wp-content\/uploads\/2022\/04\/hanh-800x800-1-350x350.jpg 350w\" sizes=\"auto, (max-width: 800px) 100vw, 800px\" \/>\n          <\/div>\n        <\/div>\n        \n      <\/div>\n    <\/div>\n\t\t<\/div> \n\t<\/div>\n\t<\/div> \n\n\t<div  class=\"vc_col-sm-8 wpb_column column_container vc_column_container col child_column no-extra-padding inherit_tablet inherit_phone \"   data-padding-pos=\"all\" data-has-bg-color=\"false\" data-bg-color=\"\" data-bg-opacity=\"1\" data-animation=\"\" data-delay=\"0\" >\n\t\t<div class=\"vc_column-inner\" >\n\t\t<div class=\"wpb_wrapper\">\n\t\t\t\n<div class=\"wpb_text_column wpb_content_element \" >\n\t<h3>Rechtsanwalt<br \/>\nDr. Tim Hahn<\/h3>\n<\/div>\n\n\n\n<div class=\"divider-wrap\" data-alignment=\"default\"><div style=\"margin-top: 12.5px; width: 20%; height: 1px; margin-bottom: 12.5px;\" data-width=\"20%\" data-animate=\"yes\" data-animation-delay=\"\" data-color=\"accent-color\" class=\"divider-small-border\"><\/div><\/div>\n<div class=\"wpb_text_column wpb_content_element \" >\n\t<p>+49 30 2577112-0<br \/>\ntim.hahn@oklp.de<\/p>\n<\/div>\n\n\n\n<div class=\"nectar_icon_wrap \" data-style=\"default\" data-padding=\"0px\" data-color=\"accent-color\" style=\"\" >\n\t\t<div class=\"nectar_icon\" ><a href=\"https:\/\/www.linkedin.com\/in\/dr-tim-hahn-a9452a222\/\" target=\"_blank\"><\/a><i style=\"font-size: 50px; line-height: 50px; height: 50px; width: 50px;\" class=\"fa fa-linkedin-square\"><\/i><\/div>\n\t<\/div>\n\t\t<\/div> \n\t<\/div>\n\t<\/div> \n<\/div><\/div>\n\t\t\t<\/div> \n\t\t<\/div>\n\t<\/div> \n<\/div><\/div>\n","protected":false},"excerpt":{"rendered":"Dr. Tim Hahn ist seit 2013 als Rechts\u00adan\u00adwalt im euro\u00adp\u00e4i\u00adschen und deut\u00adschen Umwelt\u00adrecht t\u00e4tig. Sei\u00adne T\u00e4tig\u00adkeits\u00adschwer\u00adpunk\u00adte lie\u00adgen im Kreis\u00adlauf\u00adwirt\u00adschafts\u00adrecht, an den Schnitt\u00adstel\u00adlen zwi\u00adschen Stoff\u2011, Pro\u00addukt- und Abfall\u00adrecht, im Anla\u00adgen\u00adge\u00adneh\u00admi\u00adgungs\u00adrecht&nbsp;und\u2026","protected":false},"author":1,"featured_media":0,"parent":0,"menu_order":12,"comment_status":"closed","ping_status":"closed","template":"","meta":{"wp_typography_post_enhancements_disabled":false,"footnotes":""},"class_list":["post-979","page","type-page","status-publish"],"yoast_head":"<!-- This site is optimized with the Yoast SEO plugin v27.4 - https:\/\/yoast.com\/product\/yoast-seo-wordpress\/ -->\n<title>Rechtsanwalt Dr. Tim Hahn - okl &amp; partner Rechtsanw\u00e4lte PartG mbB<\/title>\n<meta name=\"description\" content=\"Dr. Tim Hahn ist seit 2013 als Rechtsanwalt im europ\u00e4ischen und deutschen Umweltrecht t\u00e4tig. Seine Beratungsschwerpunkte liegen im Kreislaufwirtschaftsrecht, an den Schnittstellen zwischen Stoff-, Produkt- und Abfallrecht, im Genehmigungsrecht sowie in den Bereichen Umwelt-Compliance und Vertragsgestaltung.Dr. Hahn wird von Mandanten vor allem wegen seiner umfassenden Kenntnisse im deutschen und europ\u00e4ischen Kreislaufwirtschaftsrecht sehr gesch\u00e4tzt. Er h\u00e4lt regelm\u00e4\u00dfig Fachvortr\u00e4ge, insbesondere zu entsorgungsrechtlichen Themen.\" \/>\n<meta name=\"robots\" content=\"index, follow, max-snippet:-1, max-image-preview:large, max-video-preview:-1\" \/>\n<link rel=\"canonical\" href=\"https:\/\/oklp.de\/en\/rechtsanwalt-dr-tim-hahn\/\" \/>\n<meta property=\"og:locale\" content=\"en_US\" \/>\n<meta property=\"og:type\" content=\"article\" \/>\n<meta property=\"og:title\" content=\"Rechtsanwalt Dr. Tim Hahn - okl &amp; partner Rechtsanw\u00e4lte PartG mbB\" \/>\n<meta property=\"og:description\" content=\"Dr. Tim Hahn ist seit 2013 als Rechtsanwalt im europ\u00e4ischen und deutschen Umweltrecht t\u00e4tig. Seine Beratungsschwerpunkte liegen im Kreislaufwirtschaftsrecht, an den Schnittstellen zwischen Stoff-, Produkt- und Abfallrecht, im Genehmigungsrecht sowie in den Bereichen Umwelt-Compliance und Vertragsgestaltung.Dr. Hahn wird von Mandanten vor allem wegen seiner umfassenden Kenntnisse im deutschen und europ\u00e4ischen Kreislaufwirtschaftsrecht sehr gesch\u00e4tzt. Er h\u00e4lt regelm\u00e4\u00dfig Fachvortr\u00e4ge, insbesondere zu entsorgungsrechtlichen Themen.\" \/>\n<meta property=\"og:url\" content=\"https:\/\/oklp.de\/en\/rechtsanwalt-dr-tim-hahn\/\" \/>\n<meta property=\"og:site_name\" content=\"okl &amp; partner Rechtsanw\u00e4lte PartG mbB\" \/>\n<meta property=\"article:modified_time\" content=\"2025-09-12T15:04:19+00:00\" \/>\n<meta name=\"twitter:card\" content=\"summary_large_image\" \/>\n<meta name=\"twitter:label1\" content=\"Est. reading time\" \/>\n\t<meta name=\"twitter:data1\" content=\"5 minutes\" \/>\n<script type=\"application\/ld+json\" class=\"yoast-schema-graph\">{\"@context\":\"https:\\\/\\\/schema.org\",\"@graph\":[{\"@type\":\"WebPage\",\"@id\":\"https:\\\/\\\/oklp.de\\\/rechtsanwalt-dr-tim-hahn\\\/\",\"url\":\"https:\\\/\\\/oklp.de\\\/rechtsanwalt-dr-tim-hahn\\\/\",\"name\":\"Rechtsanwalt Dr. Tim Hahn - okl &amp; partner Rechtsanw\u00e4lte PartG mbB\",\"isPartOf\":{\"@id\":\"https:\\\/\\\/oklp.de\\\/#website\"},\"datePublished\":\"2022-04-17T18:47:24+00:00\",\"dateModified\":\"2025-09-12T15:04:19+00:00\",\"description\":\"Dr. Tim Hahn ist seit 2013 als Rechtsanwalt im europ\u00e4ischen und deutschen Umweltrecht t\u00e4tig. Seine Beratungsschwerpunkte liegen im Kreislaufwirtschaftsrecht, an den Schnittstellen zwischen Stoff-, Produkt- und Abfallrecht, im Genehmigungsrecht sowie in den Bereichen Umwelt-Compliance und Vertragsgestaltung.Dr. Hahn wird von Mandanten vor allem wegen seiner umfassenden Kenntnisse im deutschen und europ\u00e4ischen Kreislaufwirtschaftsrecht sehr gesch\u00e4tzt. Er h\u00e4lt regelm\u00e4\u00dfig Fachvortr\u00e4ge, insbesondere zu entsorgungsrechtlichen Themen.\",\"breadcrumb\":{\"@id\":\"https:\\\/\\\/oklp.de\\\/rechtsanwalt-dr-tim-hahn\\\/#breadcrumb\"},\"inLanguage\":\"en-US\",\"potentialAction\":[{\"@type\":\"ReadAction\",\"target\":[\"https:\\\/\\\/oklp.de\\\/rechtsanwalt-dr-tim-hahn\\\/\"]}]},{\"@type\":\"BreadcrumbList\",\"@id\":\"https:\\\/\\\/oklp.de\\\/rechtsanwalt-dr-tim-hahn\\\/#breadcrumb\",\"itemListElement\":[{\"@type\":\"ListItem\",\"position\":1,\"name\":\"Home\",\"item\":\"https:\\\/\\\/oklp.de\\\/\"},{\"@type\":\"ListItem\",\"position\":2,\"name\":\"Rechtsanwalt Dr. Tim Hahn\"}]},{\"@type\":\"WebSite\",\"@id\":\"https:\\\/\\\/oklp.de\\\/#website\",\"url\":\"https:\\\/\\\/oklp.de\\\/\",\"name\":\"okl &amp; partner Rechtsanw\u00e4lte PartG mbB\",\"description\":\"\",\"publisher\":{\"@id\":\"https:\\\/\\\/oklp.de\\\/#organization\"},\"potentialAction\":[{\"@type\":\"SearchAction\",\"target\":{\"@type\":\"EntryPoint\",\"urlTemplate\":\"https:\\\/\\\/oklp.de\\\/?s={search_term_string}\"},\"query-input\":{\"@type\":\"PropertyValueSpecification\",\"valueRequired\":true,\"valueName\":\"search_term_string\"}}],\"inLanguage\":\"en-US\"},{\"@type\":\"Organization\",\"@id\":\"https:\\\/\\\/oklp.de\\\/#organization\",\"name\":\"okl & partner Rechtsanw\u00e4lte PartG mbB\",\"url\":\"https:\\\/\\\/oklp.de\\\/\",\"logo\":{\"@type\":\"ImageObject\",\"inLanguage\":\"en-US\",\"@id\":\"https:\\\/\\\/oklp.de\\\/#\\\/schema\\\/logo\\\/image\\\/\",\"url\":\"https:\\\/\\\/oklp.de\\\/wp-content\\\/uploads\\\/2021\\\/12\\\/Prima\u0308r_OKLP_Logo_CMYK-1.png\",\"contentUrl\":\"https:\\\/\\\/oklp.de\\\/wp-content\\\/uploads\\\/2021\\\/12\\\/Prima\u0308r_OKLP_Logo_CMYK-1.png\",\"width\":904,\"height\":286,\"caption\":\"okl & partner Rechtsanw\u00e4lte PartG mbB\"},\"image\":{\"@id\":\"https:\\\/\\\/oklp.de\\\/#\\\/schema\\\/logo\\\/image\\\/\"}}]}<\/script>\n<!-- \/ Yoast SEO plugin. -->","yoast_head_json":{"title":"Rechts\u00adan\u00adwalt Dr. Tim Hahn \u2013 okl &amp;&nbsp;part\u00adner Rechts\u00adan\u00adw\u00e4l\u00adte PartG&nbsp;mbB","description":"Dr. Tim Hahn ist seit 2013 als Rechts\u00adan\u00adwalt im euro\u00adp\u00e4i\u00adschen und deut\u00adschen Umwelt\u00adrecht t\u00e4tig. Sei\u00adne Bera\u00adtungs\u00adschwer\u00adpunk\u00adte lie\u00adgen im Kreis\u00adlauf\u00adwirt\u00adschafts\u00adrecht, an den Schnitt\u00adstel\u00adlen zwi\u00adschen Stoff\u2011, Pro\u00addukt- und Abfall\u00adrecht, im Geneh\u00admi\u00adgungs\u00adrecht sowie in den Berei\u00adchen Umwelt-Com\u00adpli\u00adance und Vertragsgestaltung.Dr. Hahn wird von Man\u00addan\u00adten vor allem wegen sei\u00adner umfas\u00adsen\u00adden Kennt\u00adnis\u00adse im deut\u00adschen und euro\u00adp\u00e4i\u00adschen Kreis\u00adlauf\u00adwirt\u00adschafts\u00adrecht sehr gesch\u00e4tzt. Er h\u00e4lt regel\u00adm\u00e4\u00ad\u00dfig Fach\u00advor\u00adtr\u00e4\u00adge, ins\u00adbe\u00adson\u00adde\u00adre zu ent\u00adsor\u00adgungs\u00adrecht\u00adli\u00adchen Themen.","robots":{"index":"index","follow":"follow","max-snippet":"max-snippet:-1","max-image-preview":"max-image-preview:large","max-video-preview":"max-video-preview:-1"},"canonical":"https:\/\/oklp.de\/en\/rechtsanwalt-dr-tim-hahn\/","og_locale":"en_US","og_type":"article","og_title":"Rechtsanwalt Dr. Tim Hahn - okl &amp; partner Rechtsanw\u00e4lte PartG mbB","og_description":"Dr. Tim Hahn ist seit 2013 als Rechtsanwalt im europ\u00e4ischen und deutschen Umweltrecht t\u00e4tig. Seine Beratungsschwerpunkte liegen im Kreislaufwirtschaftsrecht, an den Schnittstellen zwischen Stoff-, Produkt- und Abfallrecht, im Genehmigungsrecht sowie in den Bereichen Umwelt-Compliance und Vertragsgestaltung.Dr. Hahn wird von Mandanten vor allem wegen seiner umfassenden Kenntnisse im deutschen und europ\u00e4ischen Kreislaufwirtschaftsrecht sehr gesch\u00e4tzt. Er h\u00e4lt regelm\u00e4\u00dfig Fachvortr\u00e4ge, insbesondere zu entsorgungsrechtlichen Themen.","og_url":"https:\/\/oklp.de\/en\/rechtsanwalt-dr-tim-hahn\/","og_site_name":"okl &amp; partner Rechtsanw\u00e4lte PartG mbB","article_modified_time":"2025-09-12T15:04:19+00:00","twitter_card":"summary_large_image","twitter_misc":{"Est. reading time":"5 minutes"},"schema":{"@context":"https:\/\/schema.org","@graph":[{"@type":"WebPage","@id":"https:\/\/oklp.de\/rechtsanwalt-dr-tim-hahn\/","url":"https:\/\/oklp.de\/rechtsanwalt-dr-tim-hahn\/","name":"Rechts\u00adan\u00adwalt Dr. Tim Hahn \u2013 okl &amp;&nbsp;part\u00adner Rechts\u00adan\u00adw\u00e4l\u00adte PartG&nbsp;mbB","isPartOf":{"@id":"https:\/\/oklp.de\/#website"},"datePublished":"2022-04-17T18:47:24+00:00","dateModified":"2025-09-12T15:04:19+00:00","description":"Dr. Tim Hahn ist seit 2013 als Rechts\u00adan\u00adwalt im euro\u00adp\u00e4i\u00adschen und deut\u00adschen Umwelt\u00adrecht t\u00e4tig. Sei\u00adne Bera\u00adtungs\u00adschwer\u00adpunk\u00adte lie\u00adgen im Kreis\u00adlauf\u00adwirt\u00adschafts\u00adrecht, an den Schnitt\u00adstel\u00adlen zwi\u00adschen Stoff\u2011, Pro\u00addukt- und Abfall\u00adrecht, im Geneh\u00admi\u00adgungs\u00adrecht sowie in den Berei\u00adchen Umwelt-Com\u00adpli\u00adance und Vertragsgestaltung.Dr. Hahn wird von Man\u00addan\u00adten vor allem wegen sei\u00adner umfas\u00adsen\u00adden Kennt\u00adnis\u00adse im deut\u00adschen und euro\u00adp\u00e4i\u00adschen Kreis\u00adlauf\u00adwirt\u00adschafts\u00adrecht sehr gesch\u00e4tzt. Er h\u00e4lt regel\u00adm\u00e4\u00ad\u00dfig Fach\u00advor\u00adtr\u00e4\u00adge, ins\u00adbe\u00adson\u00adde\u00adre zu ent\u00adsor\u00adgungs\u00adrecht\u00adli\u00adchen Themen.","breadcrumb":{"@id":"https:\/\/oklp.de\/rechtsanwalt-dr-tim-hahn\/#breadcrumb"},"inLanguage":"en-US","potentialAction":[{"@type":"ReadAction","target":["https:\/\/oklp.de\/rechtsanwalt-dr-tim-hahn\/"]}]},{"@type":"BreadcrumbList","@id":"https:\/\/oklp.de\/rechtsanwalt-dr-tim-hahn\/#breadcrumb","itemListElement":[{"@type":"ListItem","position":1,"name":"Home","item":"https:\/\/oklp.de\/"},{"@type":"ListItem","position":2,"name":"Rechtsanwalt Dr. Tim Hahn"}]},{"@type":"WebSite","@id":"https:\/\/oklp.de\/#website","url":"https:\/\/oklp.de\/","name":"okl &amp;&nbsp;part\u00adner Rechts\u00adan\u00adw\u00e4l\u00adte PartG&nbsp;mbB","description":"","publisher":{"@id":"https:\/\/oklp.de\/#organization"},"potentialAction":[{"@type":"SearchAction","target":{"@type":"EntryPoint","urlTemplate":"https:\/\/oklp.de\/?s={search_term_string}"},"query-input":{"@type":"PropertyValueSpecification","valueRequired":true,"valueName":"search_term_string"}}],"inLanguage":"en-US"},{"@type":"Organization","@id":"https:\/\/oklp.de\/#organization","name":"okl &amp;&nbsp;part\u00adner Rechts\u00adan\u00adw\u00e4l\u00adte PartG&nbsp;mbB","url":"https:\/\/oklp.de\/","logo":{"@type":"ImageObject","inLanguage":"en-US","@id":"https:\/\/oklp.de\/#\/schema\/logo\/image\/","url":"https:\/\/oklp.de\/wp-content\/uploads\/2021\/12\/Prima\u0308r_OKLP_Logo_CMYK-1.png","contentUrl":"https:\/\/oklp.de\/wp-content\/uploads\/2021\/12\/Prima\u0308r_OKLP_Logo_CMYK-1.png","width":904,"height":286,"caption":"okl & partner Rechtsanw\u00e4lte PartG mbB"},"image":{"@id":"https:\/\/oklp.de\/#\/schema\/logo\/image\/"}}]}},"_links":{"self":[{"href":"https:\/\/oklp.de\/en\/wp-json\/wp\/v2\/pages\/979","targetHints":{"allow":["GET"]}}],"collection":[{"href":"https:\/\/oklp.de\/en\/wp-json\/wp\/v2\/pages"}],"about":[{"href":"https:\/\/oklp.de\/en\/wp-json\/wp\/v2\/types\/page"}],"author":[{"embeddable":true,"href":"https:\/\/oklp.de\/en\/wp-json\/wp\/v2\/users\/1"}],"replies":[{"embeddable":true,"href":"https:\/\/oklp.de\/en\/wp-json\/wp\/v2\/comments?post=979"}],"version-history":[{"count":18,"href":"https:\/\/oklp.de\/en\/wp-json\/wp\/v2\/pages\/979\/revisions"}],"predecessor-version":[{"id":2539,"href":"https:\/\/oklp.de\/en\/wp-json\/wp\/v2\/pages\/979\/revisions\/2539"}],"wp:attachment":[{"href":"https:\/\/oklp.de\/en\/wp-json\/wp\/v2\/media?parent=979"}],"curies":[{"name":"wp","href":"https:\/\/api.w.org\/{rel}","templated":true}]}}